{"id":1184,"date":"2024-11-13T11:28:43","date_gmt":"2024-11-13T11:28:43","guid":{"rendered":"https:\/\/competent-jemison.45-82-121-115.plesk.page\/?page_id=1184"},"modified":"2024-11-13T11:48:35","modified_gmt":"2024-11-13T11:48:35","slug":"kunden","status":"publish","type":"page","link":"https:\/\/competent-jemison.45-82-121-115.plesk.page\/index.php\/kunden\/","title":{"rendered":"Kunden"},"content":{"rendered":"\t\t<div data-elementor-type=\"wp-page\" data-elementor-id=\"1184\" class=\"elementor elementor-1184\">\n\t\t\t\t<div class=\"elementor-element elementor-element-ba44ae3 e-flex e-con-boxed e-con e-parent\" data-id=\"ba44ae3\" data-element_type=\"container\" data-settings=\"{&quot;background_background&quot;:&quot;classic&quot;}\">\n\t\t\t\t\t<div class=\"e-con-inner\">\n\t\t\t\t<div class=\"elementor-element elementor-element-f05981f elementor-widget elementor-widget-spacer\" data-id=\"f05981f\" data-element_type=\"widget\" data-widget_type=\"spacer.default\">\n\t\t\t\t<div class=\"elementor-widget-container\">\n\t\t\t\t\t<div class=\"elementor-spacer\">\n\t\t\t<div class=\"elementor-spacer-inner\"><\/div>\n\t\t<\/div>\n\t\t\t\t<\/div>\n\t\t\t\t<\/div>\n\t\t\t\t<div class=\"elementor-element elementor-element-9e2820f elementor-widget elementor-widget-heading\" data-id=\"9e2820f\" data-element_type=\"widget\" data-widget_type=\"heading.default\">\n\t\t\t\t<div class=\"elementor-widget-container\">\n\t\t\t<h1 class=\"elementor-heading-title elementor-size-default\">HIT B\u00fcrgerbeteiligung<\/h1>\t\t<\/div>\n\t\t\t\t<\/div>\n\t\t\t\t<div class=\"elementor-element elementor-element-56faa7a elementor-widget elementor-widget-text-editor\" data-id=\"56faa7a\" data-element_type=\"widget\" data-widget_type=\"text-editor.default\">\n\t\t\t\t<div class=\"elementor-widget-container\">\n\t\t\t\t\t\t\t<p>B\u00fcrgerbeteiligung vor Ort und im Netz.<\/p>\t\t\t\t\t\t<\/div>\n\t\t\t\t<\/div>\n\t\t\t\t<div class=\"elementor-element elementor-element-4aea730 elementor-widget elementor-widget-spacer\" data-id=\"4aea730\" data-element_type=\"widget\" data-widget_type=\"spacer.default\">\n\t\t\t\t<div class=\"elementor-widget-container\">\n\t\t\t\t\t<div class=\"elementor-spacer\">\n\t\t\t<div class=\"elementor-spacer-inner\"><\/div>\n\t\t<\/div>\n\t\t\t\t<\/div>\n\t\t\t\t<\/div>\n\t\t\t\t\t<\/div>\n\t\t\t\t<\/div>\n\t\t<div class=\"elementor-element elementor-element-764827f e-flex e-con-boxed e-con e-parent\" data-id=\"764827f\" data-element_type=\"container\" data-settings=\"{&quot;background_background&quot;:&quot;classic&quot;}\">\n\t\t\t\t\t<div class=\"e-con-inner\">\n\t\t\t\t<div class=\"elementor-element elementor-element-4eeec50 elementor-widget elementor-widget-spacer\" data-id=\"4eeec50\" data-element_type=\"widget\" data-widget_type=\"spacer.default\">\n\t\t\t\t<div class=\"elementor-widget-container\">\n\t\t\t\t\t<div class=\"elementor-spacer\">\n\t\t\t<div class=\"elementor-spacer-inner\"><\/div>\n\t\t<\/div>\n\t\t\t\t<\/div>\n\t\t\t\t<\/div>\n\t\t\t\t<div class=\"elementor-element elementor-element-284c8fd elementor-widget elementor-widget-heading\" data-id=\"284c8fd\" data-element_type=\"widget\" data-widget_type=\"heading.default\">\n\t\t\t\t<div class=\"elementor-widget-container\">\n\t\t\t<h1 class=\"elementor-heading-title elementor-size-default\">Unsere Kunden<\/h1>\t\t<\/div>\n\t\t\t\t<\/div>\n\t\t\t\t<div class=\"elementor-element elementor-element-7c9538c elementor-widget elementor-widget-text-editor\" data-id=\"7c9538c\" data-element_type=\"widget\" data-widget_type=\"text-editor.default\">\n\t\t\t\t<div class=\"elementor-widget-container\">\n\t\t\t\t\t\t\t<p>Die Human IT Service GmbH (HIT) wurde 2014 als Tochtergesellschaft der <a href=\"http:\/\/www.integrata-stiftung.de\" target=\"_blank\" rel=\"noreferrer noopener\">Integrata Stiftung<\/a> gegr\u00fcndet. Seitdem wurden und werden bereits mehr als 50 Beteiligungsprojekte von der HIT durchgef\u00fchrt. Neben Kommunen f\u00fchren wir auch Projekte im Auftrag von Ministerien, Regierungspr\u00e4sidien, Verb\u00e4nden, Vereinen und Initiativen durch. Hier\u00a0finden Sie eine <a href=\"https:\/\/www.hit-buergerbeteiligung.de\/wp-content\/uploads\/2021\/06\/Profil-HIT-und-Referenzen-2020.pdf\">Auswahl unserer Referenzen.<\/a><\/p>\t\t\t\t\t\t<\/div>\n\t\t\t\t<\/div>\n\t\t\t\t<div class=\"elementor-element elementor-element-e2738cf elementor-widget elementor-widget-spacer\" data-id=\"e2738cf\" data-element_type=\"widget\" data-widget_type=\"spacer.default\">\n\t\t\t\t<div class=\"elementor-widget-container\">\n\t\t\t\t\t<div class=\"elementor-spacer\">\n\t\t\t<div class=\"elementor-spacer-inner\"><\/div>\n\t\t<\/div>\n\t\t\t\t<\/div>\n\t\t\t\t<\/div>\n\t\t\t\t\t<\/div>\n\t\t\t\t<\/div>\n\t\t<div class=\"elementor-element elementor-element-c634ef5 e-flex e-con-boxed e-con e-parent\" data-id=\"c634ef5\" data-element_type=\"container\" data-settings=\"{&quot;background_background&quot;:&quot;gradient&quot;}\">\n\t\t\t\t\t<div class=\"e-con-inner\">\n\t\t<div class=\"elementor-element elementor-element-1fd1cad e-con-full e-flex e-con e-child\" data-id=\"1fd1cad\" data-element_type=\"container\" data-settings=\"{&quot;background_background&quot;:&quot;classic&quot;}\">\n\t\t<div class=\"elementor-element elementor-element-6dbfc26 e-grid e-con-full e-con e-child\" data-id=\"6dbfc26\" data-element_type=\"container\">\n\t\t<div class=\"elementor-element elementor-element-2b28174 e-con-full e-flex e-con e-child\" data-id=\"2b28174\" data-element_type=\"container\">\n\t\t<div class=\"elementor-element elementor-element-177adde e-grid e-con-full e-con e-child\" data-id=\"177adde\" data-element_type=\"container\">\n\t\t\t\t<div class=\"elementor-element elementor-element-7e2abea elementor-widget elementor-widget-image\" data-id=\"7e2abea\" data-element_type=\"widget\" data-widget_type=\"image.default\">\n\t\t\t\t<div class=\"elementor-widget-container\">\n\t\t\t\t\t\t\t\t\t\t\t\t\t<img fetchpriority=\"high\" decoding=\"async\" width=\"1024\" height=\"498\" src=\"https:\/\/competent-jemison.45-82-121-115.plesk.page\/wp-content\/uploads\/2024\/10\/BadUrach_Logo_RGB_T-1024x498-1.png\" class=\"attachment-large size-large wp-image-172\" alt=\"\" srcset=\"https:\/\/competent-jemison.45-82-121-115.plesk.page\/wp-content\/uploads\/2024\/10\/BadUrach_Logo_RGB_T-1024x498-1.png 1024w, https:\/\/competent-jemison.45-82-121-115.plesk.page\/wp-content\/uploads\/2024\/10\/BadUrach_Logo_RGB_T-1024x498-1-300x146.png 300w, https:\/\/competent-jemison.45-82-121-115.plesk.page\/wp-content\/uploads\/2024\/10\/BadUrach_Logo_RGB_T-1024x498-1-768x374.png 768w\" sizes=\"(max-width: 1024px) 100vw, 1024px\" \/>\t\t\t\t\t\t\t\t\t\t\t\t\t<\/div>\n\t\t\t\t<\/div>\n\t\t\t\t<div class=\"elementor-element elementor-element-d4ea173 elementor-widget elementor-widget-image\" data-id=\"d4ea173\" data-element_type=\"widget\" data-widget_type=\"image.default\">\n\t\t\t\t<div class=\"elementor-widget-container\">\n\t\t\t\t\t\t\t\t\t\t\t\t\t<img decoding=\"async\" width=\"1024\" height=\"337\" src=\"https:\/\/competent-jemison.45-82-121-115.plesk.page\/wp-content\/uploads\/2024\/10\/Blaub_Logo_4c-1024x337-1.jpg\" class=\"attachment-large size-large wp-image-173\" alt=\"\" srcset=\"https:\/\/competent-jemison.45-82-121-115.plesk.page\/wp-content\/uploads\/2024\/10\/Blaub_Logo_4c-1024x337-1.jpg 1024w, https:\/\/competent-jemison.45-82-121-115.plesk.page\/wp-content\/uploads\/2024\/10\/Blaub_Logo_4c-1024x337-1-300x99.jpg 300w, https:\/\/competent-jemison.45-82-121-115.plesk.page\/wp-content\/uploads\/2024\/10\/Blaub_Logo_4c-1024x337-1-768x253.jpg 768w\" sizes=\"(max-width: 1024px) 100vw, 1024px\" \/>\t\t\t\t\t\t\t\t\t\t\t\t\t<\/div>\n\t\t\t\t<\/div>\n\t\t\t\t<div class=\"elementor-element elementor-element-2951833 elementor-widget elementor-widget-image\" data-id=\"2951833\" data-element_type=\"widget\" data-widget_type=\"image.default\">\n\t\t\t\t<div class=\"elementor-widget-container\">\n\t\t\t\t\t\t\t\t\t\t\t\t\t<img decoding=\"async\" width=\"1024\" height=\"555\" src=\"https:\/\/competent-jemison.45-82-121-115.plesk.page\/wp-content\/uploads\/2024\/10\/Hell-Gemeinde-farb-1024x555-1.png\" class=\"attachment-large size-large wp-image-174\" alt=\"\" srcset=\"https:\/\/competent-jemison.45-82-121-115.plesk.page\/wp-content\/uploads\/2024\/10\/Hell-Gemeinde-farb-1024x555-1.png 1024w, https:\/\/competent-jemison.45-82-121-115.plesk.page\/wp-content\/uploads\/2024\/10\/Hell-Gemeinde-farb-1024x555-1-300x163.png 300w, https:\/\/competent-jemison.45-82-121-115.plesk.page\/wp-content\/uploads\/2024\/10\/Hell-Gemeinde-farb-1024x555-1-768x416.png 768w\" sizes=\"(max-width: 1024px) 100vw, 1024px\" \/>\t\t\t\t\t\t\t\t\t\t\t\t\t<\/div>\n\t\t\t\t<\/div>\n\t\t\t\t<div class=\"elementor-element elementor-element-1f8a914 elementor-widget elementor-widget-image\" data-id=\"1f8a914\" data-element_type=\"widget\" data-widget_type=\"image.default\">\n\t\t\t\t<div class=\"elementor-widget-container\">\n\t\t\t\t\t\t\t\t\t\t\t\t\t<img loading=\"lazy\" decoding=\"async\" width=\"156\" height=\"67\" src=\"https:\/\/competent-jemison.45-82-121-115.plesk.page\/wp-content\/uploads\/2024\/10\/Logo.jpg\" class=\"attachment-large size-large wp-image-175\" alt=\"\" \/>\t\t\t\t\t\t\t\t\t\t\t\t\t<\/div>\n\t\t\t\t<\/div>\n\t\t\t\t<div class=\"elementor-element elementor-element-065aba6 elementor-widget elementor-widget-image\" data-id=\"065aba6\" data-element_type=\"widget\" data-widget_type=\"image.default\">\n\t\t\t\t<div class=\"elementor-widget-container\">\n\t\t\t\t\t\t\t\t\t\t\t\t\t<img loading=\"lazy\" decoding=\"async\" width=\"700\" height=\"182\" src=\"https:\/\/competent-jemison.45-82-121-115.plesk.page\/wp-content\/uploads\/2024\/10\/logo_stadtverwaltung_schwaebisch_gmuend_de.png\" class=\"attachment-large size-large wp-image-177\" alt=\"\" srcset=\"https:\/\/competent-jemison.45-82-121-115.plesk.page\/wp-content\/uploads\/2024\/10\/logo_stadtverwaltung_schwaebisch_gmuend_de.png 700w, https:\/\/competent-jemison.45-82-121-115.plesk.page\/wp-content\/uploads\/2024\/10\/logo_stadtverwaltung_schwaebisch_gmuend_de-300x78.png 300w\" sizes=\"(max-width: 700px) 100vw, 700px\" \/>\t\t\t\t\t\t\t\t\t\t\t\t\t<\/div>\n\t\t\t\t<\/div>\n\t\t\t\t<div class=\"elementor-element elementor-element-89cbfa7 elementor-widget elementor-widget-image\" data-id=\"89cbfa7\" data-element_type=\"widget\" data-widget_type=\"image.default\">\n\t\t\t\t<div class=\"elementor-widget-container\">\n\t\t\t\t\t\t\t\t\t\t\t\t\t<img loading=\"lazy\" decoding=\"async\" width=\"500\" height=\"166\" src=\"https:\/\/competent-jemison.45-82-121-115.plesk.page\/wp-content\/uploads\/2024\/10\/Logo-Nachvektorisiert.png\" class=\"attachment-large size-large wp-image-178\" alt=\"\" srcset=\"https:\/\/competent-jemison.45-82-121-115.plesk.page\/wp-content\/uploads\/2024\/10\/Logo-Nachvektorisiert.png 500w, https:\/\/competent-jemison.45-82-121-115.plesk.page\/wp-content\/uploads\/2024\/10\/Logo-Nachvektorisiert-300x100.png 300w\" sizes=\"(max-width: 500px) 100vw, 500px\" \/>\t\t\t\t\t\t\t\t\t\t\t\t\t<\/div>\n\t\t\t\t<\/div>\n\t\t\t\t<div class=\"elementor-element elementor-element-f678e16 elementor-widget elementor-widget-image\" data-id=\"f678e16\" data-element_type=\"widget\" data-widget_type=\"image.default\">\n\t\t\t\t<div class=\"elementor-widget-container\">\n\t\t\t\t\t\t\t\t\t\t\t\t\t<img loading=\"lazy\" decoding=\"async\" width=\"716\" height=\"359\" src=\"https:\/\/competent-jemison.45-82-121-115.plesk.page\/wp-content\/uploads\/2024\/10\/LOGO-Riedlingen.bmp\" class=\"attachment-large size-large wp-image-179\" alt=\"\" srcset=\"https:\/\/competent-jemison.45-82-121-115.plesk.page\/wp-content\/uploads\/2024\/10\/LOGO-Riedlingen.bmp 716w, https:\/\/competent-jemison.45-82-121-115.plesk.page\/wp-content\/uploads\/2024\/10\/LOGO-Riedlingen-300x150.jpg 300w\" sizes=\"(max-width: 716px) 100vw, 716px\" \/>\t\t\t\t\t\t\t\t\t\t\t\t\t<\/div>\n\t\t\t\t<\/div>\n\t\t\t\t<div class=\"elementor-element elementor-element-9415cea elementor-widget elementor-widget-image\" data-id=\"9415cea\" data-element_type=\"widget\" data-widget_type=\"image.default\">\n\t\t\t\t<div class=\"elementor-widget-container\">\n\t\t\t\t\t\t\t\t\t\t\t\t\t<img loading=\"lazy\" decoding=\"async\" width=\"1024\" height=\"221\" src=\"https:\/\/competent-jemison.45-82-121-115.plesk.page\/wp-content\/uploads\/2024\/10\/LogoStadt.SOB_grau-rot_4c-1024x221-1.jpg\" class=\"attachment-large size-large wp-image-180\" alt=\"\" srcset=\"https:\/\/competent-jemison.45-82-121-115.plesk.page\/wp-content\/uploads\/2024\/10\/LogoStadt.SOB_grau-rot_4c-1024x221-1.jpg 1024w, https:\/\/competent-jemison.45-82-121-115.plesk.page\/wp-content\/uploads\/2024\/10\/LogoStadt.SOB_grau-rot_4c-1024x221-1-300x65.jpg 300w, https:\/\/competent-jemison.45-82-121-115.plesk.page\/wp-content\/uploads\/2024\/10\/LogoStadt.SOB_grau-rot_4c-1024x221-1-768x166.jpg 768w\" sizes=\"(max-width: 1024px) 100vw, 1024px\" \/>\t\t\t\t\t\t\t\t\t\t\t\t\t<\/div>\n\t\t\t\t<\/div>\n\t\t\t\t<div class=\"elementor-element elementor-element-8da8e83 elementor-widget elementor-widget-image\" data-id=\"8da8e83\" data-element_type=\"widget\" data-widget_type=\"image.default\">\n\t\t\t\t<div class=\"elementor-widget-container\">\n\t\t\t\t\t\t\t\t\t\t\t\t\t<img loading=\"lazy\" decoding=\"async\" width=\"291\" height=\"110\" src=\"https:\/\/competent-jemison.45-82-121-115.plesk.page\/wp-content\/uploads\/2024\/10\/Nuertingen-Logo.png\" class=\"attachment-large size-large wp-image-181\" alt=\"\" \/>\t\t\t\t\t\t\t\t\t\t\t\t\t<\/div>\n\t\t\t\t<\/div>\n\t\t\t\t<div class=\"elementor-element elementor-element-881b984 elementor-widget elementor-widget-image\" data-id=\"881b984\" data-element_type=\"widget\" data-widget_type=\"image.default\">\n\t\t\t\t<div class=\"elementor-widget-container\">\n\t\t\t\t\t\t\t\t\t\t\t\t\t<img loading=\"lazy\" decoding=\"async\" width=\"578\" height=\"86\" src=\"https:\/\/competent-jemison.45-82-121-115.plesk.page\/wp-content\/uploads\/2024\/10\/Schorndorf-Logo.png\" class=\"attachment-large size-large wp-image-182\" alt=\"\" srcset=\"https:\/\/competent-jemison.45-82-121-115.plesk.page\/wp-content\/uploads\/2024\/10\/Schorndorf-Logo.png 578w, https:\/\/competent-jemison.45-82-121-115.plesk.page\/wp-content\/uploads\/2024\/10\/Schorndorf-Logo-300x45.png 300w\" sizes=\"(max-width: 578px) 100vw, 578px\" \/>\t\t\t\t\t\t\t\t\t\t\t\t\t<\/div>\n\t\t\t\t<\/div>\n\t\t\t\t<div class=\"elementor-element elementor-element-1112a20 elementor-widget elementor-widget-image\" data-id=\"1112a20\" data-element_type=\"widget\" data-widget_type=\"image.default\">\n\t\t\t\t<div class=\"elementor-widget-container\">\n\t\t\t\t\t\t\t\t\t\t\t\t\t<img loading=\"lazy\" decoding=\"async\" width=\"1000\" height=\"398\" src=\"https:\/\/competent-jemison.45-82-121-115.plesk.page\/wp-content\/uploads\/2024\/10\/SEG_end_pfade_rgb_1000px.png\" class=\"attachment-large size-large wp-image-183\" alt=\"\" srcset=\"https:\/\/competent-jemison.45-82-121-115.plesk.page\/wp-content\/uploads\/2024\/10\/SEG_end_pfade_rgb_1000px.png 1000w, https:\/\/competent-jemison.45-82-121-115.plesk.page\/wp-content\/uploads\/2024\/10\/SEG_end_pfade_rgb_1000px-300x119.png 300w, https:\/\/competent-jemison.45-82-121-115.plesk.page\/wp-content\/uploads\/2024\/10\/SEG_end_pfade_rgb_1000px-768x306.png 768w\" sizes=\"(max-width: 1000px) 100vw, 1000px\" \/>\t\t\t\t\t\t\t\t\t\t\t\t\t<\/div>\n\t\t\t\t<\/div>\n\t\t\t\t<div class=\"elementor-element elementor-element-2d275f6 elementor-widget elementor-widget-image\" data-id=\"2d275f6\" data-element_type=\"widget\" data-widget_type=\"image.default\">\n\t\t\t\t<div class=\"elementor-widget-container\">\n\t\t\t\t\t\t\t\t\t\t\t\t\t<img loading=\"lazy\" decoding=\"async\" width=\"1024\" height=\"344\" src=\"https:\/\/competent-jemison.45-82-121-115.plesk.page\/wp-content\/uploads\/2024\/10\/Stadt-Metzingen_RGB_03-2014-QH-1024x344-1.png\" class=\"attachment-large size-large wp-image-184\" alt=\"\" srcset=\"https:\/\/competent-jemison.45-82-121-115.plesk.page\/wp-content\/uploads\/2024\/10\/Stadt-Metzingen_RGB_03-2014-QH-1024x344-1.png 1024w, https:\/\/competent-jemison.45-82-121-115.plesk.page\/wp-content\/uploads\/2024\/10\/Stadt-Metzingen_RGB_03-2014-QH-1024x344-1-300x101.png 300w, https:\/\/competent-jemison.45-82-121-115.plesk.page\/wp-content\/uploads\/2024\/10\/Stadt-Metzingen_RGB_03-2014-QH-1024x344-1-768x258.png 768w\" sizes=\"(max-width: 1024px) 100vw, 1024px\" \/>\t\t\t\t\t\t\t\t\t\t\t\t\t<\/div>\n\t\t\t\t<\/div>\n\t\t\t\t<\/div>\n\t\t\t\t<\/div>\n\t\t\t\t<\/div>\n\t\t\t\t<\/div>\n\t\t\t\t\t<\/div>\n\t\t\t\t<\/div>\n\t\t<div class=\"elementor-element elementor-element-b7287d1 e-flex e-con-boxed e-con e-parent\" data-id=\"b7287d1\" data-element_type=\"container\">\n\t\t\t\t\t<div class=\"e-con-inner\">\n\t\t\t\t\t<\/div>\n\t\t\t\t<\/div>\n\t\t\t\t<\/div>\n\t\t","protected":false},"excerpt":{"rendered":"<p>HIT B\u00fcrgerbeteiligung B\u00fcrgerbeteiligung vor Ort und im Netz. Unsere Kunden Die Human IT Service GmbH (HIT) wurde 2014 als Tochtergesellschaft der Integrata Stiftung gegr\u00fcndet. Seitdem wurden und werden bereits mehr als 50 Beteiligungsprojekte von der HIT durchgef\u00fchrt. Neben Kommunen f\u00fchren wir auch Projekte im Auftrag von Ministerien, Regierungspr\u00e4sidien, Verb\u00e4nden, Vereinen und Initiativen durch. Hier\u00a0finden Sie [&hellip;]<\/p>\n","protected":false},"author":1,"featured_media":0,"parent":0,"menu_order":0,"comment_status":"closed","ping_status":"closed","template":"","meta":{"footnotes":""},"class_list":["post-1184","page","type-page","status-publish","hentry"],"blocksy_meta":{"disable_header":"no","has_hero_section":"disabled","styles_descriptor":{"styles":{"desktop":"","tablet":"","mobile":""},"google_fonts":[],"version":6}},"_links":{"self":[{"href":"https:\/\/competent-jemison.45-82-121-115.plesk.page\/index.php\/wp-json\/wp\/v2\/pages\/1184","targetHints":{"allow":["GET"]}}],"collection":[{"href":"https:\/\/competent-jemison.45-82-121-115.plesk.page\/index.php\/wp-json\/wp\/v2\/pages"}],"about":[{"href":"https:\/\/competent-jemison.45-82-121-115.plesk.page\/index.php\/wp-json\/wp\/v2\/types\/page"}],"author":[{"embeddable":true,"href":"https:\/\/competent-jemison.45-82-121-115.plesk.page\/index.php\/wp-json\/wp\/v2\/users\/1"}],"replies":[{"embeddable":true,"href":"https:\/\/competent-jemison.45-82-121-115.plesk.page\/index.php\/wp-json\/wp\/v2\/comments?post=1184"}],"version-history":[{"count":22,"href":"https:\/\/competent-jemison.45-82-121-115.plesk.page\/index.php\/wp-json\/wp\/v2\/pages\/1184\/revisions"}],"predecessor-version":[{"id":1209,"href":"https:\/\/competent-jemison.45-82-121-115.plesk.page\/index.php\/wp-json\/wp\/v2\/pages\/1184\/revisions\/1209"}],"wp:attachment":[{"href":"https:\/\/competent-jemison.45-82-121-115.plesk.page\/index.php\/wp-json\/wp\/v2\/media?parent=1184"}],"curies":[{"name":"wp","href":"https:\/\/api.w.org\/{rel}","templated":true}]}}