{"id":145,"date":"2024-10-28T15:33:45","date_gmt":"2024-10-28T15:33:45","guid":{"rendered":"https:\/\/competent-jemison.45-82-121-115.plesk.page\/?page_id=145"},"modified":"2024-11-03T20:52:11","modified_gmt":"2024-11-03T20:52:11","slug":"kontakt","status":"publish","type":"page","link":"https:\/\/competent-jemison.45-82-121-115.plesk.page\/index.php\/kontakt\/","title":{"rendered":"Kontakt"},"content":{"rendered":"\t\t<div data-elementor-type=\"wp-page\" data-elementor-id=\"145\" class=\"elementor elementor-145\">\n\t\t\t\t<div class=\"elementor-element elementor-element-17e52c0 e-flex e-con-boxed e-con e-parent\" data-id=\"17e52c0\" data-element_type=\"container\" data-settings=\"{&quot;background_background&quot;:&quot;classic&quot;}\">\n\t\t\t\t\t<div class=\"e-con-inner\">\n\t\t\t\t<div class=\"elementor-element elementor-element-720ccb5 elementor-widget elementor-widget-spacer\" data-id=\"720ccb5\" data-element_type=\"widget\" data-widget_type=\"spacer.default\">\n\t\t\t\t<div class=\"elementor-widget-container\">\n\t\t\t\t\t<div class=\"elementor-spacer\">\n\t\t\t<div class=\"elementor-spacer-inner\"><\/div>\n\t\t<\/div>\n\t\t\t\t<\/div>\n\t\t\t\t<\/div>\n\t\t\t\t<div class=\"elementor-element elementor-element-9b74596 elementor-widget elementor-widget-heading\" data-id=\"9b74596\" data-element_type=\"widget\" data-widget_type=\"heading.default\">\n\t\t\t\t<div class=\"elementor-widget-container\">\n\t\t\t<h1 class=\"elementor-heading-title elementor-size-default\">Kontakt<\/h1>\t\t<\/div>\n\t\t\t\t<\/div>\n\t\t\t\t<div class=\"elementor-element elementor-element-b16dcc5 elementor-widget elementor-widget-spacer\" data-id=\"b16dcc5\" data-element_type=\"widget\" data-widget_type=\"spacer.default\">\n\t\t\t\t<div class=\"elementor-widget-container\">\n\t\t\t\t\t<div class=\"elementor-spacer\">\n\t\t\t<div class=\"elementor-spacer-inner\"><\/div>\n\t\t<\/div>\n\t\t\t\t<\/div>\n\t\t\t\t<\/div>\n\t\t\t\t\t<\/div>\n\t\t\t\t<\/div>\n\t\t<div class=\"elementor-element elementor-element-9adf0de e-flex e-con-boxed e-con e-parent\" data-id=\"9adf0de\" data-element_type=\"container\" data-settings=\"{&quot;background_background&quot;:&quot;classic&quot;}\">\n\t\t\t\t\t<div class=\"e-con-inner\">\n\t\t\t\t<div class=\"elementor-element elementor-element-3b4c7dd elementor-widget elementor-widget-spacer\" data-id=\"3b4c7dd\" data-element_type=\"widget\" data-widget_type=\"spacer.default\">\n\t\t\t\t<div class=\"elementor-widget-container\">\n\t\t\t\t\t<div class=\"elementor-spacer\">\n\t\t\t<div class=\"elementor-spacer-inner\"><\/div>\n\t\t<\/div>\n\t\t\t\t<\/div>\n\t\t\t\t<\/div>\n\t\t\t\t\t<\/div>\n\t\t\t\t<\/div>\n\t\t<div class=\"elementor-element elementor-element-fe3d382 e-flex e-con-boxed e-con e-parent\" data-id=\"fe3d382\" data-element_type=\"container\">\n\t\t\t\t\t<div class=\"e-con-inner\">\n\t\t\t\t<div class=\"elementor-element elementor-element-9c10a34 elementor-widget elementor-widget-text-editor\" data-id=\"9c10a34\" data-element_type=\"widget\" data-widget_type=\"text-editor.default\">\n\t\t\t\t<div class=\"elementor-widget-container\">\n\t\t\t\t\t\t\t<h1 class=\"entry-title\">Kontakt<\/h1><p>Sie suchen Expertise rund um das Thema B\u00fcrgerbeteiligung oder Moderatoren f\u00fcr Ihren Dialogprozess? Lernen Sie uns doch einfach pers\u00f6nlich kennen. Wir kommen gern zu Ihnen und stellen uns und unsere Methoden vor. Nehmen Sie einfach Kontakt mit uns auf, am besten telefonisch oder per Mail.<\/p><h2>Hier finden Sie uns:<\/h2><p>Human IT Service GmbH Gesch\u00e4ftsbereich HIT B\u00fcrgerbeteiligung<br \/>Gesch\u00e4ftsf\u00fchrung: Swen Heinemann Projektleitung: Alexander Orlowski<br \/>Vor dem Kreuzberg 28<br \/>72070 T\u00fcbingen<\/p><p>\u00a0<\/p><p>\u00a0<\/p><p>\u00a0<\/p>\t\t\t\t\t\t<\/div>\n\t\t\t\t<\/div>\n\t\t\t\t\t<\/div>\n\t\t\t\t<\/div>\n\t\t\t\t<\/div>\n\t\t","protected":false},"excerpt":{"rendered":"<p>Kontakt Kontakt Sie suchen Expertise rund um das Thema B\u00fcrgerbeteiligung oder Moderatoren f\u00fcr Ihren Dialogprozess? Lernen Sie uns doch einfach pers\u00f6nlich kennen. Wir kommen gern zu Ihnen und stellen uns und unsere Methoden vor. Nehmen Sie einfach Kontakt mit uns auf, am besten telefonisch oder per Mail. Hier finden Sie uns: Human IT Service GmbH [&hellip;]<\/p>\n","protected":false},"author":1,"featured_media":0,"parent":0,"menu_order":0,"comment_status":"closed","ping_status":"closed","template":"","meta":{"footnotes":""},"class_list":["post-145","page","type-page","status-publish","hentry"],"blocksy_meta":{"disable_header":"no","has_hero_section":"disabled","styles_descriptor":{"styles":{"desktop":"","tablet":"","mobile":""},"google_fonts":[],"version":6}},"_links":{"self":[{"href":"https:\/\/competent-jemison.45-82-121-115.plesk.page\/index.php\/wp-json\/wp\/v2\/pages\/145","targetHints":{"allow":["GET"]}}],"collection":[{"href":"https:\/\/competent-jemison.45-82-121-115.plesk.page\/index.php\/wp-json\/wp\/v2\/pages"}],"about":[{"href":"https:\/\/competent-jemison.45-82-121-115.plesk.page\/index.php\/wp-json\/wp\/v2\/types\/page"}],"author":[{"embeddable":true,"href":"https:\/\/competent-jemison.45-82-121-115.plesk.page\/index.php\/wp-json\/wp\/v2\/users\/1"}],"replies":[{"embeddable":true,"href":"https:\/\/competent-jemison.45-82-121-115.plesk.page\/index.php\/wp-json\/wp\/v2\/comments?post=145"}],"version-history":[{"count":26,"href":"https:\/\/competent-jemison.45-82-121-115.plesk.page\/index.php\/wp-json\/wp\/v2\/pages\/145\/revisions"}],"predecessor-version":[{"id":1157,"href":"https:\/\/competent-jemison.45-82-121-115.plesk.page\/index.php\/wp-json\/wp\/v2\/pages\/145\/revisions\/1157"}],"wp:attachment":[{"href":"https:\/\/competent-jemison.45-82-121-115.plesk.page\/index.php\/wp-json\/wp\/v2\/media?parent=145"}],"curies":[{"name":"wp","href":"https:\/\/api.w.org\/{rel}","templated":true}]}}