{"id":8,"date":"2024-10-24T12:46:12","date_gmt":"2024-10-24T12:46:12","guid":{"rendered":"https:\/\/competent-jemison.45-82-121-115.plesk.page\/?page_id=8"},"modified":"2024-11-13T11:49:07","modified_gmt":"2024-11-13T11:49:07","slug":"startseite","status":"publish","type":"page","link":"https:\/\/competent-jemison.45-82-121-115.plesk.page\/","title":{"rendered":"Startseite"},"content":{"rendered":"\t\t<div data-elementor-type=\"wp-page\" data-elementor-id=\"8\" class=\"elementor elementor-8\">\n\t\t\t\t<div class=\"elementor-element elementor-element-17e52c0 e-flex e-con-boxed e-con e-parent\" data-id=\"17e52c0\" data-element_type=\"container\" data-settings=\"{&quot;background_background&quot;:&quot;classic&quot;}\">\n\t\t\t\t\t<div class=\"e-con-inner\">\n\t\t\t\t<div class=\"elementor-element elementor-element-720ccb5 elementor-widget elementor-widget-spacer\" data-id=\"720ccb5\" data-element_type=\"widget\" data-widget_type=\"spacer.default\">\n\t\t\t\t<div class=\"elementor-widget-container\">\n\t\t\t\t\t<div class=\"elementor-spacer\">\n\t\t\t<div class=\"elementor-spacer-inner\"><\/div>\n\t\t<\/div>\n\t\t\t\t<\/div>\n\t\t\t\t<\/div>\n\t\t\t\t<div class=\"elementor-element elementor-element-9b74596 elementor-widget elementor-widget-heading\" data-id=\"9b74596\" data-element_type=\"widget\" data-widget_type=\"heading.default\">\n\t\t\t\t<div class=\"elementor-widget-container\">\n\t\t\t<h1 class=\"elementor-heading-title elementor-size-default\">HIT B\u00fcrgerbeteiligung<\/h1>\t\t<\/div>\n\t\t\t\t<\/div>\n\t\t\t\t<div class=\"elementor-element elementor-element-ca03d6e elementor-widget elementor-widget-text-editor\" data-id=\"ca03d6e\" data-element_type=\"widget\" data-widget_type=\"text-editor.default\">\n\t\t\t\t<div class=\"elementor-widget-container\">\n\t\t\t\t\t\t\t<p>B\u00fcrgerbeteiligung vor Ort und im Netz.<\/p>\t\t\t\t\t\t<\/div>\n\t\t\t\t<\/div>\n\t\t\t\t<div class=\"elementor-element elementor-element-b16dcc5 elementor-widget elementor-widget-spacer\" data-id=\"b16dcc5\" data-element_type=\"widget\" data-widget_type=\"spacer.default\">\n\t\t\t\t<div class=\"elementor-widget-container\">\n\t\t\t\t\t<div class=\"elementor-spacer\">\n\t\t\t<div class=\"elementor-spacer-inner\"><\/div>\n\t\t<\/div>\n\t\t\t\t<\/div>\n\t\t\t\t<\/div>\n\t\t\t\t\t<\/div>\n\t\t\t\t<\/div>\n\t\t<div class=\"elementor-element elementor-element-245d88d e-flex e-con-boxed e-con e-parent\" data-id=\"245d88d\" data-element_type=\"container\" data-settings=\"{&quot;background_background&quot;:&quot;classic&quot;}\">\n\t\t\t\t\t<div class=\"e-con-inner\">\n\t\t\t\t<div class=\"elementor-element elementor-element-6baa86a elementor-widget elementor-widget-spacer\" data-id=\"6baa86a\" data-element_type=\"widget\" data-widget_type=\"spacer.default\">\n\t\t\t\t<div class=\"elementor-widget-container\">\n\t\t\t\t\t<div class=\"elementor-spacer\">\n\t\t\t<div class=\"elementor-spacer-inner\"><\/div>\n\t\t<\/div>\n\t\t\t\t<\/div>\n\t\t\t\t<\/div>\n\t\t\t\t<div class=\"elementor-element elementor-element-c6a4941 elementor-widget elementor-widget-heading\" data-id=\"c6a4941\" data-element_type=\"widget\" data-widget_type=\"heading.default\">\n\t\t\t\t<div class=\"elementor-widget-container\">\n\t\t\t<h2 class=\"elementor-heading-title elementor-size-default\">Willkommen bei der HIT B\u00fcrgerbeteiligung<\/h2>\t\t<\/div>\n\t\t\t\t<\/div>\n\t\t\t\t<div class=\"elementor-element elementor-element-9845d95 elementor-widget__width-initial elementor-widget elementor-widget-text-editor\" data-id=\"9845d95\" data-element_type=\"widget\" data-widget_type=\"text-editor.default\">\n\t\t\t\t<div class=\"elementor-widget-container\">\n\t\t\t\t\t\t\t<p>Sie suchen Expertise und Unterst\u00fctzung bei der Konzeption, Organisation und Moderation von Dialog- und Beteiligungsprozessen? Sie m\u00f6chten in Ihrer Kommune, in Ihrem Verein oder in Ihrer Firma m\u00f6glichst viele Menschen motivieren, sich aktiv einzubringen, gemeinsam Ideen zu entwickeln und die zuk\u00fcnftigen Entwicklungen mitzugestalten? Sie suchen erfahrene Moderatoren f\u00fcr Ihre Website oder f\u00fcr eine Veranstaltung vor Ort? Sie m\u00f6chten wissen und erleben, wie B\u00fcrgerbeteiligung auf mehreren Kan\u00e4len erfolgreich ineinandergreift? Dann sind Sie bei uns genau richtig!<\/p>\t\t\t\t\t\t<\/div>\n\t\t\t\t<\/div>\n\t\t\t\t<div class=\"elementor-element elementor-element-b1547ce elementor-widget elementor-widget-spacer\" data-id=\"b1547ce\" data-element_type=\"widget\" data-widget_type=\"spacer.default\">\n\t\t\t\t<div class=\"elementor-widget-container\">\n\t\t\t\t\t<div class=\"elementor-spacer\">\n\t\t\t<div class=\"elementor-spacer-inner\"><\/div>\n\t\t<\/div>\n\t\t\t\t<\/div>\n\t\t\t\t<\/div>\n\t\t\t\t\t<\/div>\n\t\t\t\t<\/div>\n\t\t<div class=\"elementor-element elementor-element-9adf0de e-flex e-con-boxed e-con e-parent\" data-id=\"9adf0de\" data-element_type=\"container\" data-settings=\"{&quot;background_background&quot;:&quot;gradient&quot;}\">\n\t\t\t\t\t<div class=\"e-con-inner\">\n\t\t<div class=\"elementor-element elementor-element-b5aabdf e-grid e-con-full e-con e-child\" data-id=\"b5aabdf\" data-element_type=\"container\">\n\t\t<div class=\"elementor-element elementor-element-8cba1f4 e-con-full e-flex e-con e-child\" data-id=\"8cba1f4\" data-element_type=\"container\" data-settings=\"{&quot;background_background&quot;:&quot;classic&quot;}\">\n\t\t\t\t<div class=\"elementor-element elementor-element-e3002b7 elementor-widget elementor-widget-heading\" data-id=\"e3002b7\" data-element_type=\"widget\" data-widget_type=\"heading.default\">\n\t\t\t\t<div class=\"elementor-widget-container\">\n\t\t\t<h2 class=\"elementor-heading-title elementor-size-default\">Wir unterst\u00fctzen Kommunen.<\/h2>\t\t<\/div>\n\t\t\t\t<\/div>\n\t\t\t\t<div class=\"elementor-element elementor-element-62b7683 elementor-widget elementor-widget-text-editor\" data-id=\"62b7683\" data-element_type=\"widget\" data-widget_type=\"text-editor.default\">\n\t\t\t\t<div class=\"elementor-widget-container\">\n\t\t\t\t\t\t\t<p>Wir, die HIT B\u00fcrgerbeteiligung, ein Gesch\u00e4ftsbereich der Human IT Service GmbH (HIT), beraten und begleiten Kommunen und interkommunale Einrichtungen, aber auch private Organisationen bei der Durchf\u00fchrung sachorientierter Dialogprozesse vor Ort und im Netz.<\/p><p>Sie planen ein Gemeinde oder Ortsentwicklungskonzept? Sie m\u00f6chten Ihre B\u00fcrgerschaft noch intensiver in die Stadtentwicklung einbeziehen? Als Beteiligungsexperten moderieren und dokumentieren wir B\u00fcrgerversammlungen, Informationsveranstaltungen und Workshops.<\/p><p>Sie m\u00f6chten mehr \u00fcber Chancen und Erfolgsfaktoren von Beteiligungsprozessen erfahren? Wir kommen gern zu Ihnen und beraten Sie im Rahmen eines pers\u00f6nlichen Gespr\u00e4ch, halten Vortr\u00e4ge oder f\u00fchren Workshops durch.<\/p>\t\t\t\t\t\t<\/div>\n\t\t\t\t<\/div>\n\t\t\t\t<div class=\"elementor-element elementor-element-fabc5fe elementor-widget elementor-widget-image\" data-id=\"fabc5fe\" data-element_type=\"widget\" data-widget_type=\"image.default\">\n\t\t\t\t<div class=\"elementor-widget-container\">\n\t\t\t\t\t\t\t\t\t\t\t\t\t<img fetchpriority=\"high\" decoding=\"async\" width=\"768\" height=\"378\" src=\"https:\/\/competent-jemison.45-82-121-115.plesk.page\/wp-content\/uploads\/2024\/10\/gemeinden-768x378.png\" class=\"attachment-medium_large size-medium_large wp-image-20\" alt=\"\" srcset=\"https:\/\/competent-jemison.45-82-121-115.plesk.page\/wp-content\/uploads\/2024\/10\/gemeinden-768x378.png 768w, https:\/\/competent-jemison.45-82-121-115.plesk.page\/wp-content\/uploads\/2024\/10\/gemeinden-300x148.png 300w, https:\/\/competent-jemison.45-82-121-115.plesk.page\/wp-content\/uploads\/2024\/10\/gemeinden-1024x503.png 1024w, https:\/\/competent-jemison.45-82-121-115.plesk.page\/wp-content\/uploads\/2024\/10\/gemeinden.png 1082w\" sizes=\"(max-width: 768px) 100vw, 768px\" \/>\t\t\t\t\t\t\t\t\t\t\t\t\t<\/div>\n\t\t\t\t<\/div>\n\t\t\t\t<\/div>\n\t\t<div class=\"elementor-element elementor-element-66ca809 e-con-full e-flex e-con e-child\" data-id=\"66ca809\" data-element_type=\"container\" data-settings=\"{&quot;background_background&quot;:&quot;classic&quot;}\">\n\t\t\t\t<div class=\"elementor-element elementor-element-66785e3 elementor-widget elementor-widget-heading\" data-id=\"66785e3\" data-element_type=\"widget\" data-widget_type=\"heading.default\">\n\t\t\t\t<div class=\"elementor-widget-container\">\n\t\t\t<h2 class=\"elementor-heading-title elementor-size-default\">Unsere Online-Plattform Polit@ktiv<\/h2>\t\t<\/div>\n\t\t\t\t<\/div>\n\t\t\t\t<div class=\"elementor-element elementor-element-abfa0c8 elementor-widget elementor-widget-text-editor\" data-id=\"abfa0c8\" data-element_type=\"widget\" data-widget_type=\"text-editor.default\">\n\t\t\t\t<div class=\"elementor-widget-container\">\n\t\t\t\t\t\t\t<p>Gemeinsam mit der <a href=\"https:\/\/www.integrata-stiftung.de\" target=\"_blank\" rel=\"noopener noreferrer\">Integrata Stiftung f\u00fcr humane Nutzung der IT<\/a> betreiben wir die Online-Plattform <a href=\"https:\/\/www.politaktiv.org\" target=\"_blank\" rel=\"noopener noreferrer\">Politaktiv<\/a>. Diese steht allen Kommunen zur kostenlosen Nutzung zur Verf\u00fcgung. Als HIT bieten wir s\u00e4mtliche Dienstleistungen rund um den Einsatz von Polit@ktiv an \u2013 von der technischen Administration, \u00fcber die inhaltliche Bef\u00fcllung bis hin zur Moderation des Online-Dialogs.<\/p><p>Auf der Basis unserer Erfahrungen aus zahlreichen Projekten entwickeln wir die \u00a0Methoden erfolgreicher Online-Beteiligung st\u00e4ndig weiter. Gleichzeitig passen wir\u00a0die Funktionen der Plattform best\u00e4ndig\u00a0an die neuen Erfordernisse an.<\/p>\t\t\t\t\t\t<\/div>\n\t\t\t\t<\/div>\n\t\t\t\t<div class=\"elementor-element elementor-element-2edb27e elementor-widget elementor-widget-image\" data-id=\"2edb27e\" data-element_type=\"widget\" data-widget_type=\"image.default\">\n\t\t\t\t<div class=\"elementor-widget-container\">\n\t\t\t\t\t\t\t\t\t\t\t\t\t<img decoding=\"async\" width=\"768\" height=\"460\" src=\"https:\/\/competent-jemison.45-82-121-115.plesk.page\/wp-content\/uploads\/2024\/10\/politaktiv-768x460.png\" class=\"attachment-medium_large size-medium_large wp-image-19\" alt=\"\" srcset=\"https:\/\/competent-jemison.45-82-121-115.plesk.page\/wp-content\/uploads\/2024\/10\/politaktiv-768x460.png 768w, https:\/\/competent-jemison.45-82-121-115.plesk.page\/wp-content\/uploads\/2024\/10\/politaktiv-300x180.png 300w, https:\/\/competent-jemison.45-82-121-115.plesk.page\/wp-content\/uploads\/2024\/10\/politaktiv-1024x613.png 1024w, https:\/\/competent-jemison.45-82-121-115.plesk.page\/wp-content\/uploads\/2024\/10\/politaktiv-1536x919.png 1536w, https:\/\/competent-jemison.45-82-121-115.plesk.page\/wp-content\/uploads\/2024\/10\/politaktiv-2048x1226.png 2048w\" sizes=\"(max-width: 768px) 100vw, 768px\" \/>\t\t\t\t\t\t\t\t\t\t\t\t\t<\/div>\n\t\t\t\t<\/div>\n\t\t\t\t<\/div>\n\t\t\t\t<\/div>\n\t\t<div class=\"elementor-element elementor-element-7614d98 e-con-full e-flex e-con e-child\" data-id=\"7614d98\" data-element_type=\"container\" data-settings=\"{&quot;background_background&quot;:&quot;classic&quot;}\">\n\t\t\t\t<div class=\"elementor-element elementor-element-e4ab1de elementor-arrows-position-inside elementor-pagination-position-outside elementor-widget elementor-widget-image-carousel\" data-id=\"e4ab1de\" data-element_type=\"widget\" data-settings=\"{&quot;autoplay_speed&quot;:2000,&quot;navigation&quot;:&quot;both&quot;,&quot;autoplay&quot;:&quot;yes&quot;,&quot;pause_on_hover&quot;:&quot;yes&quot;,&quot;pause_on_interaction&quot;:&quot;yes&quot;,&quot;infinite&quot;:&quot;yes&quot;,&quot;speed&quot;:500}\" data-widget_type=\"image-carousel.default\">\n\t\t\t\t<div class=\"elementor-widget-container\">\n\t\t\t\t\t<div class=\"elementor-image-carousel-wrapper swiper\" dir=\"ltr\">\n\t\t\t<div class=\"elementor-image-carousel swiper-wrapper\" aria-live=\"off\">\n\t\t\t\t\t\t\t\t<div class=\"swiper-slide\" role=\"group\" aria-roledescription=\"slide\" aria-label=\"1 of 4\"><figure class=\"swiper-slide-inner\"><img decoding=\"async\" class=\"swiper-slide-image\" src=\"https:\/\/competent-jemison.45-82-121-115.plesk.page\/wp-content\/uploads\/2024\/10\/Stadt-Metzingen_RGB_03-2014-QH-1024x344-1-300x101.png\" alt=\"\" \/><\/figure><\/div><div class=\"swiper-slide\" role=\"group\" aria-roledescription=\"slide\" aria-label=\"2 of 4\"><figure class=\"swiper-slide-inner\"><img decoding=\"async\" class=\"swiper-slide-image\" src=\"https:\/\/competent-jemison.45-82-121-115.plesk.page\/wp-content\/uploads\/2024\/10\/LogoStadt.SOB_grau-rot_4c-1024x221-1-300x65.jpg\" alt=\"\" \/><\/figure><\/div><div class=\"swiper-slide\" role=\"group\" aria-roledescription=\"slide\" aria-label=\"3 of 4\"><figure class=\"swiper-slide-inner\"><img decoding=\"async\" class=\"swiper-slide-image\" src=\"https:\/\/competent-jemison.45-82-121-115.plesk.page\/wp-content\/uploads\/2024\/10\/Nuertingen-Logo.png\" alt=\"\" \/><\/figure><\/div><div class=\"swiper-slide\" role=\"group\" aria-roledescription=\"slide\" aria-label=\"4 of 4\"><figure class=\"swiper-slide-inner\"><img decoding=\"async\" class=\"swiper-slide-image\" src=\"https:\/\/competent-jemison.45-82-121-115.plesk.page\/wp-content\/uploads\/2024\/10\/BadUrach_Logo_RGB_T-1024x498-1-300x146.png\" alt=\"\" \/><\/figure><\/div>\t\t\t<\/div>\n\t\t\t\t\t\t\t\t\t\t\t\t<div class=\"elementor-swiper-button elementor-swiper-button-prev\" role=\"button\" tabindex=\"0\">\n\t\t\t\t\t\t<svg aria-hidden=\"true\" class=\"e-font-icon-svg e-eicon-chevron-left\" viewBox=\"0 0 1000 1000\" xmlns=\"http:\/\/www.w3.org\/2000\/svg\"><path d=\"M646 125C629 125 613 133 604 142L308 442C296 454 292 471 292 487 292 504 296 521 308 533L604 854C617 867 629 875 646 875 663 875 679 871 692 858 704 846 713 829 713 812 713 796 708 779 692 767L438 487 692 225C700 217 708 204 708 187 708 171 704 154 692 142 675 129 663 125 646 125Z\"><\/path><\/svg>\t\t\t\t\t<\/div>\n\t\t\t\t\t<div class=\"elementor-swiper-button elementor-swiper-button-next\" role=\"button\" tabindex=\"0\">\n\t\t\t\t\t\t<svg aria-hidden=\"true\" class=\"e-font-icon-svg e-eicon-chevron-right\" viewBox=\"0 0 1000 1000\" xmlns=\"http:\/\/www.w3.org\/2000\/svg\"><path d=\"M696 533C708 521 713 504 713 487 713 471 708 454 696 446L400 146C388 133 375 125 354 125 338 125 325 129 313 142 300 154 292 171 292 187 292 204 296 221 308 233L563 492 304 771C292 783 288 800 288 817 288 833 296 850 308 863 321 871 338 875 354 875 371 875 388 867 400 854L696 533Z\"><\/path><\/svg>\t\t\t\t\t<\/div>\n\t\t\t\t\n\t\t\t\t\t\t\t\t\t<div class=\"swiper-pagination\"><\/div>\n\t\t\t\t\t\t\t\t\t<\/div>\n\t\t\t\t<\/div>\n\t\t\t\t<\/div>\n\t\t\t\t<div class=\"elementor-element elementor-element-fb649a6 elementor-align-center elementor-widget elementor-widget-button\" data-id=\"fb649a6\" data-element_type=\"widget\" data-widget_type=\"button.default\">\n\t\t\t\t<div class=\"elementor-widget-container\">\n\t\t\t\t\t<div class=\"elementor-button-wrapper\">\n\t\t\t<a class=\"elementor-button elementor-button-link elementor-size-sm\" href=\"#\">\n\t\t\t\t\t\t<span class=\"elementor-button-content-wrapper\">\n\t\t\t\t\t\t\t\t\t<span class=\"elementor-button-text\">Unsere Kunden<\/span>\n\t\t\t\t\t<\/span>\n\t\t\t\t\t<\/a>\n\t\t<\/div>\n\t\t\t\t<\/div>\n\t\t\t\t<\/div>\n\t\t\t\t<div class=\"elementor-element elementor-element-d66bcff elementor-widget-divider--separator-type-pattern elementor-widget-divider--view-line elementor-widget elementor-widget-divider\" data-id=\"d66bcff\" data-element_type=\"widget\" data-widget_type=\"divider.default\">\n\t\t\t\t<div class=\"elementor-widget-container\">\n\t\t\t\t\t<div class=\"elementor-divider\" style=\"--divider-pattern-url: url(&quot;data:image\/svg+xml,%3Csvg xmlns=&#039;http:\/\/www.w3.org\/2000\/svg&#039; preserveAspectRatio=&#039;none&#039; overflow=&#039;visible&#039; height=&#039;100%&#039; viewBox=&#039;0 0 20 16&#039; fill=&#039;none&#039; stroke=&#039;black&#039; stroke-width=&#039;1&#039; stroke-linecap=&#039;square&#039; stroke-miterlimit=&#039;10&#039;%3E%3Cg transform=&#039;translate(-12.000000, 0)&#039;%3E%3Cpath d=&#039;M28,0L10,18&#039;\/%3E%3Cpath d=&#039;M18,0L0,18&#039;\/%3E%3Cpath d=&#039;M48,0L30,18&#039;\/%3E%3Cpath d=&#039;M38,0L20,18&#039;\/%3E%3C\/g%3E%3C\/svg%3E&quot;);\">\n\t\t\t<span class=\"elementor-divider-separator\">\n\t\t\t\t\t\t<\/span>\n\t\t<\/div>\n\t\t\t\t<\/div>\n\t\t\t\t<\/div>\n\t\t<div class=\"elementor-element elementor-element-d68b5ba e-con-full e-flex e-con e-child\" data-id=\"d68b5ba\" data-element_type=\"container\" data-settings=\"{&quot;background_background&quot;:&quot;classic&quot;}\">\n\t\t\t\t<div class=\"elementor-element elementor-element-83a5326 elementor-widget elementor-widget-heading\" data-id=\"83a5326\" data-element_type=\"widget\" data-widget_type=\"heading.default\">\n\t\t\t\t<div class=\"elementor-widget-container\">\n\t\t\t<h2 class=\"elementor-heading-title elementor-size-default\">Wir f\u00fcr Sie<\/h2>\t\t<\/div>\n\t\t\t\t<\/div>\n\t\t\t\t<div class=\"elementor-element elementor-element-d7b27cd elementor-widget elementor-widget-text-editor\" data-id=\"d7b27cd\" data-element_type=\"widget\" data-widget_type=\"text-editor.default\">\n\t\t\t\t<div class=\"elementor-widget-container\">\n\t\t\t\t\t\t\t<p>Sie m\u00f6chten uns kennen lernen? Kommen Sie gern auf uns zu, per Telefon oder Mail. Unter <a href=\"https:\/\/www.hit-buergerbeteiligung.de\/aktuelles\" target=\"_blank\" rel=\"noopener noreferrer\">Aktuelles<\/a>\u00a0finden\u00a0Sie\u00a0einen kleinen Einblick in unsere Projekte und Veranstaltungen.<\/p>\t\t\t\t\t\t<\/div>\n\t\t\t\t<\/div>\n\t\t\t\t<div class=\"elementor-element elementor-element-58aafec elementor-align-left elementor-widget elementor-widget-button\" data-id=\"58aafec\" data-element_type=\"widget\" data-widget_type=\"button.default\">\n\t\t\t\t<div class=\"elementor-widget-container\">\n\t\t\t\t\t<div class=\"elementor-button-wrapper\">\n\t\t\t<a class=\"elementor-button elementor-button-link elementor-size-sm\" href=\"#\">\n\t\t\t\t\t\t<span class=\"elementor-button-content-wrapper\">\n\t\t\t\t\t\t\t\t\t<span class=\"elementor-button-text\">Mehr \u00fcber uns<\/span>\n\t\t\t\t\t<\/span>\n\t\t\t\t\t<\/a>\n\t\t<\/div>\n\t\t\t\t<\/div>\n\t\t\t\t<\/div>\n\t\t\t\t<\/div>\n\t\t\t\t<\/div>\n\t\t\t\t\t<\/div>\n\t\t\t\t<\/div>\n\t\t\t\t<\/div>\n\t\t","protected":false},"excerpt":{"rendered":"<p>HIT B\u00fcrgerbeteiligung B\u00fcrgerbeteiligung vor Ort und im Netz. Willkommen bei der HIT B\u00fcrgerbeteiligung Sie suchen Expertise und Unterst\u00fctzung bei der Konzeption, Organisation und Moderation von Dialog- und Beteiligungsprozessen? Sie m\u00f6chten in Ihrer Kommune, in Ihrem Verein oder in Ihrer Firma m\u00f6glichst viele Menschen motivieren, sich aktiv einzubringen, gemeinsam Ideen zu entwickeln und die zuk\u00fcnftigen Entwicklungen [&hellip;]<\/p>\n","protected":false},"author":1,"featured_media":0,"parent":0,"menu_order":0,"comment_status":"closed","ping_status":"closed","template":"","meta":{"footnotes":""},"class_list":["post-8","page","type-page","status-publish","hentry"],"blocksy_meta":{"disable_header":"no","has_hero_section":"disabled","styles_descriptor":{"styles":{"desktop":"","tablet":"","mobile":""},"google_fonts":[],"version":6}},"_links":{"self":[{"href":"https:\/\/competent-jemison.45-82-121-115.plesk.page\/index.php\/wp-json\/wp\/v2\/pages\/8","targetHints":{"allow":["GET"]}}],"collection":[{"href":"https:\/\/competent-jemison.45-82-121-115.plesk.page\/index.php\/wp-json\/wp\/v2\/pages"}],"about":[{"href":"https:\/\/competent-jemison.45-82-121-115.plesk.page\/index.php\/wp-json\/wp\/v2\/types\/page"}],"author":[{"embeddable":true,"href":"https:\/\/competent-jemison.45-82-121-115.plesk.page\/index.php\/wp-json\/wp\/v2\/users\/1"}],"replies":[{"embeddable":true,"href":"https:\/\/competent-jemison.45-82-121-115.plesk.page\/index.php\/wp-json\/wp\/v2\/comments?post=8"}],"version-history":[{"count":163,"href":"https:\/\/competent-jemison.45-82-121-115.plesk.page\/index.php\/wp-json\/wp\/v2\/pages\/8\/revisions"}],"predecessor-version":[{"id":1212,"href":"https:\/\/competent-jemison.45-82-121-115.plesk.page\/index.php\/wp-json\/wp\/v2\/pages\/8\/revisions\/1212"}],"wp:attachment":[{"href":"https:\/\/competent-jemison.45-82-121-115.plesk.page\/index.php\/wp-json\/wp\/v2\/media?parent=8"}],"curies":[{"name":"wp","href":"https:\/\/api.w.org\/{rel}","templated":true}]}}